{"id":985,"date":"2024-11-13T14:59:01","date_gmt":"2024-11-13T13:59:01","guid":{"rendered":"http:\/\/localhost:8888\/artecs\/?page_id=985"},"modified":"2025-01-29T10:41:36","modified_gmt":"2025-01-29T09:41:36","slug":"vehicules-speciaux","status":"publish","type":"page","link":"https:\/\/www.artecs-intl.com\/en\/business-units\/vehicules-speciaux\/","title":{"rendered":"Special Vehicles"},"content":{"rendered":"<div data-elementor-type=\"wp-post\" data-elementor-id=\"985\" class=\"elementor elementor-985\" data-elementor-post-type=\"page\">\n\t\t\t\t\t\t<section class=\"elementor-section elementor-top-section elementor-element elementor-element-1a8a008c elementor-section-height-min-height elementor-section-items-stretch elementor-section-boxed elementor-section-height-default\" data-id=\"1a8a008c\" data-element_type=\"section\" data-settings=\"{&quot;background_background&quot;:&quot;classic&quot;}\">\n\t\t\t\t\t\t\t<div class=\"elementor-background-overlay\"><\/div>\n\t\t\t\t\t\t\t<div class=\"elementor-container elementor-column-gap-default\">\n\t\t\t\t\t<div class=\"elementor-column elementor-col-100 elementor-top-column elementor-element elementor-element-22ef5f96\" data-id=\"22ef5f96\" data-element_type=\"column\">\n\t\t\t<div class=\"elementor-widget-wrap elementor-element-populated\">\n\t\t\t\t\t\t<section class=\"elementor-section elementor-inner-section elementor-element elementor-element-225250b1 elementor-section-boxed elementor-section-height-default elementor-section-height-default\" data-id=\"225250b1\" data-element_type=\"section\">\n\t\t\t\t\t\t<div class=\"elementor-container elementor-column-gap-no\">\n\t\t\t\t\t<div class=\"elementor-column elementor-col-100 elementor-inner-column elementor-element elementor-element-37004d92\" data-id=\"37004d92\" data-element_type=\"column\">\n\t\t\t<div class=\"elementor-widget-wrap elementor-element-populated\">\n\t\t\t\t\t\t<div class=\"elementor-element elementor-element-4cdb8e86 elementor-widget__width-initial elementor-invisible elementor-widget elementor-widget-heading\" data-id=\"4cdb8e86\" data-element_type=\"widget\" data-settings=\"{&quot;_animation&quot;:&quot;fadeIn&quot;,&quot;_animation_delay&quot;:200}\" data-widget_type=\"heading.default\">\n\t\t\t\t<div class=\"elementor-widget-container\">\n\t\t\t<h2 class=\"elementor-heading-title elementor-size-default\">Special Vehicles<\/h2>\t\t<\/div>\n\t\t\t\t<\/div>\n\t\t\t\t\t<\/div>\n\t\t<\/div>\n\t\t\t\t\t<\/div>\n\t\t<\/section>\n\t\t\t\t\t<\/div>\n\t\t<\/div>\n\t\t\t\t\t<\/div>\n\t\t<\/section>\n\t\t<div class=\"elementor-element elementor-element-db336ef e-flex e-con-boxed e-con e-parent\" data-id=\"db336ef\" data-element_type=\"container\" data-settings=\"{&quot;background_background&quot;:&quot;classic&quot;}\">\n\t\t\t\t\t<div class=\"e-con-inner\">\n\t\t<div class=\"elementor-element elementor-element-3c86cb0 e-con-full e-flex e-con e-child\" data-id=\"3c86cb0\" data-element_type=\"container\" data-settings=\"{&quot;background_background&quot;:&quot;classic&quot;}\">\n\t\t\t\t<\/div>\n\t\t<div class=\"elementor-element elementor-element-21914c6 e-con-full e-flex e-con e-child\" data-id=\"21914c6\" data-element_type=\"container\" data-settings=\"{&quot;background_background&quot;:&quot;classic&quot;}\">\n\t\t\t\t<\/div>\n\t\t<div class=\"elementor-element elementor-element-a1c3f5c e-con-full e-flex e-con e-child\" data-id=\"a1c3f5c\" data-element_type=\"container\" data-settings=\"{&quot;background_background&quot;:&quot;classic&quot;}\">\n\t\t\t\t<\/div>\n\t\t\t\t\t<\/div>\n\t\t\t\t<\/div>\n\t\t<div class=\"elementor-element elementor-element-9f9c61a e-flex e-con-boxed e-con e-parent\" data-id=\"9f9c61a\" data-element_type=\"container\" data-settings=\"{&quot;background_background&quot;:&quot;classic&quot;}\">\n\t\t\t\t\t<div class=\"e-con-inner\">\n\t\t<div class=\"elementor-element elementor-element-2cf55e2 e-con-full e-flex e-con e-child\" data-id=\"2cf55e2\" data-element_type=\"container\" data-settings=\"{&quot;background_background&quot;:&quot;classic&quot;}\">\n\t\t\t\t<\/div>\n\t\t<div class=\"elementor-element elementor-element-a9a469b e-con-full e-flex e-con e-child\" data-id=\"a9a469b\" data-element_type=\"container\" data-settings=\"{&quot;background_background&quot;:&quot;classic&quot;}\">\n\t\t\t\t<div class=\"elementor-element elementor-element-1121a6c elementor-widget elementor-widget-text-editor\" data-id=\"1121a6c\" data-element_type=\"widget\" data-widget_type=\"text-editor.default\">\n\t\t\t\t<div class=\"elementor-widget-container\">\n\t\t\t\t\t\t\t<h5 class=\"p1\"><span style=\"color: #ffffff;\"><strong><span class=\"s1\">VEHICLES<\/span><\/strong><\/span><\/h5><p class=\"p1\"><span class=\"s1\"> We support leading manufacturers specialized in the design, production, and retrofit of land\/air\/sea platforms and spare parts. <\/span><\/p><p class=\"p3\"><span class=\"s4\"><i style=\"font-size: 11px; font-style: italic;\"> (Armored vehicles, troop transport, MRAPs, cash transport, VIP transport vehicles, riot control vehicles, prisoner transport, medical vehicles, MRO and retrofit of land\/sea\/air platforms\u2026) <\/i><\/span><\/p>\t\t\t\t\t\t<\/div>\n\t\t\t\t<\/div>\n\t\t\t\t<\/div>\n\t\t<div class=\"elementor-element elementor-element-663b49d e-con-full e-flex e-con e-child\" data-id=\"663b49d\" data-element_type=\"container\" data-settings=\"{&quot;background_background&quot;:&quot;classic&quot;}\">\n\t\t\t\t<\/div>\n\t\t\t\t\t<\/div>\n\t\t\t\t<\/div>\n\t\t<div class=\"elementor-element elementor-element-43d2509 e-flex e-con-boxed e-con e-parent\" data-id=\"43d2509\" data-element_type=\"container\" data-settings=\"{&quot;background_background&quot;:&quot;classic&quot;}\">\n\t\t\t\t\t<div class=\"e-con-inner\">\n\t\t<div class=\"elementor-element elementor-element-01dbd5d e-con-full e-flex e-con e-child\" data-id=\"01dbd5d\" data-element_type=\"container\">\n\t\t\t\t<div class=\"elementor-element elementor-element-7cd6867 elementor-widget elementor-widget-heading\" data-id=\"7cd6867\" data-element_type=\"widget\" data-widget_type=\"heading.default\">\n\t\t\t\t<div class=\"elementor-widget-container\">\n\t\t\t<h2 class=\"elementor-heading-title elementor-size-default\">Our Fields of Expertise<\/h2>\t\t<\/div>\n\t\t\t\t<\/div>\n\t\t\t\t<div class=\"elementor-element elementor-element-8e8ca5e elementor-widget-divider--view-line elementor-widget elementor-widget-divider\" data-id=\"8e8ca5e\" data-element_type=\"widget\" data-widget_type=\"divider.default\">\n\t\t\t\t<div class=\"elementor-widget-container\">\n\t\t\t\t\t<div class=\"elementor-divider\">\n\t\t\t<span class=\"elementor-divider-separator\">\n\t\t\t\t\t\t<\/span>\n\t\t<\/div>\n\t\t\t\t<\/div>\n\t\t\t\t<\/div>\n\t\t\t\t<\/div>\n\t\t<div class=\"elementor-element elementor-element-15a6c1c e-con-full e-flex e-con e-child\" data-id=\"15a6c1c\" data-element_type=\"container\">\n\t\t\t\t<div class=\"elementor-element elementor-element-8ae00c2 elementor-widget elementor-widget-text-editor\" data-id=\"8ae00c2\" data-element_type=\"widget\" data-widget_type=\"text-editor.default\">\n\t\t\t\t<div class=\"elementor-widget-container\">\n\t\t\t\t\t\t\t<p class=\"p1\"><span class=\"s1\">Our operations are organized into <\/span><span class=\"s2\"><b>strategic business units, managed by dedicated teams of experts<\/b><\/span><span class=\"s1\"> to deliver customized solutions that meet our partners\u2019 challenges.<\/span><\/p>\t\t\t\t\t\t<\/div>\n\t\t\t\t<\/div>\n\t\t\t\t<\/div>\n\t\t\t\t\t<\/div>\n\t\t\t\t<\/div>\n\t\t\t\t<section class=\"elementor-section elementor-top-section elementor-element elementor-element-fe37436 elementor-section-boxed elementor-section-height-default elementor-section-height-default\" data-id=\"fe37436\" data-element_type=\"section\" data-settings=\"{&quot;background_background&quot;:&quot;classic&quot;}\">\n\t\t\t\t\t\t<div class=\"elementor-container elementor-column-gap-default\">\n\t\t\t\t\t<div class=\"elementor-column elementor-col-20 elementor-top-column elementor-element elementor-element-aba1725\" data-id=\"aba1725\" data-element_type=\"column\">\n\t\t\t<div class=\"elementor-widget-wrap elementor-element-populated\">\n\t\t\t\t\t\t<div class=\"elementor-element elementor-element-765a7c4 elementor-flip-box--direction-right elementor-flip-box--effect-flip elementor-widget elementor-widget-flip-box\" data-id=\"765a7c4\" data-element_type=\"widget\" data-widget_type=\"flip-box.default\">\n\t\t\t\t<div class=\"elementor-widget-container\">\n\t\t\t\t\t<div class=\"elementor-flip-box\" tabindex=\"0\">\n\t\t\t<div class=\"elementor-flip-box__layer elementor-flip-box__front\">\n\t\t\t\t<div class=\"elementor-flip-box__layer__overlay\">\n\t\t\t\t\t<div class=\"elementor-flip-box__layer__inner\">\n\t\t\t\t\t\t\t\t\t\t\t\t\t<div class=\"elementor-icon-wrapper elementor-view-framed elementor-shape-circle\">\n\t\t\t\t\t\t\t\t<div class=\"elementor-icon\">\n\t\t\t\t\t\t\t\t\t<svg class=\"e-font-icon-svg e-fas-campground\" viewbox=\"0 0 640 512\" xmlns=\"http:\/\/www.w3.org\/2000\/svg\"><path d=\"M624 448h-24.68L359.54 117.75l53.41-73.55c5.19-7.15 3.61-17.16-3.54-22.35l-25.9-18.79c-7.15-5.19-17.15-3.61-22.35 3.55L320 63.3 278.83 6.6c-5.19-7.15-15.2-8.74-22.35-3.55l-25.88 18.8c-7.15 5.19-8.74 15.2-3.54 22.35l53.41 73.55L40.68 448H16c-8.84 0-16 7.16-16 16v32c0 8.84 7.16 16 16 16h608c8.84 0 16-7.16 16-16v-32c0-8.84-7.16-16-16-16zM320 288l116.36 160H203.64L320 288z\"><\/path><\/svg>\t\t\t\t\t\t\t\t<\/div>\n\t\t\t\t\t\t\t<\/div>\n\t\t\t\t\t\t\n\t\t\t\t\t\t\t\t\t\t\t\t\t<h3 class=\"elementor-flip-box__layer__title\">\n\t\t\t\t\t\t\t\tMobility &amp; Camps\t\t\t\t\t\t\t<\/h3>\n\t\t\t\t\t\t\n\t\t\t\t\t\t\t\t\t\t\t<\/div>\n\t\t\t\t<\/div>\n\t\t\t<\/div>\n\t\t\t<a class=\"elementor-flip-box__layer elementor-flip-box__back\" href=\"https:\/\/www.artecs-intl.com\/en\/business-units\/mobilite-et-camps\/\">\n\t\t\t<div class=\"elementor-flip-box__layer__overlay\">\n\t\t\t\t<div class=\"elementor-flip-box__layer__inner\">\n\t\t\t\t\t\t\t\t\t\t\t<h3 class=\"elementor-flip-box__layer__title\">\n\t\t\t\t\t\t\tMobility &amp; Camps\t\t\t\t\t\t<\/h3>\n\t\t\t\t\t\n\t\t\t\t\t\n\t\t\t\t\t\t\t\t\t\t\t<span class=\"elementor-flip-box__button elementor-button elementor-size-sm\">\n\t\t\t\t\t\t\tDiscover\t\t\t\t\t\t<\/span>\n\t\t\t\t\t\t\t\t<\/div>\n\t\t<\/div>\n\t\t<\/a>\n\t\t<\/div>\n\t\t\t\t<\/div>\n\t\t\t\t<\/div>\n\t\t\t\t\t<\/div>\n\t\t<\/div>\n\t\t\t\t<div class=\"elementor-column elementor-col-20 elementor-top-column elementor-element elementor-element-f62b1a5\" data-id=\"f62b1a5\" data-element_type=\"column\">\n\t\t\t<div class=\"elementor-widget-wrap elementor-element-populated\">\n\t\t\t\t\t\t<div class=\"elementor-element elementor-element-17431d2 elementor-flip-box--direction-right elementor-flip-box--effect-flip elementor-widget elementor-widget-flip-box\" data-id=\"17431d2\" data-element_type=\"widget\" data-widget_type=\"flip-box.default\">\n\t\t\t\t<div class=\"elementor-widget-container\">\n\t\t\t\t\t<div class=\"elementor-flip-box\" tabindex=\"0\">\n\t\t\t<div class=\"elementor-flip-box__layer elementor-flip-box__front\">\n\t\t\t\t<div class=\"elementor-flip-box__layer__overlay\">\n\t\t\t\t\t<div class=\"elementor-flip-box__layer__inner\">\n\t\t\t\t\t\t\t\t\t\t\t\t\t<div class=\"elementor-icon-wrapper elementor-view-framed elementor-shape-circle\">\n\t\t\t\t\t\t\t\t<div class=\"elementor-icon\">\n\t\t\t\t\t\t\t\t\t<svg class=\"e-font-icon-svg e-fas-gas-pump\" viewbox=\"0 0 512 512\" xmlns=\"http:\/\/www.w3.org\/2000\/svg\"><path d=\"M336 448H16c-8.8 0-16 7.2-16 16v32c0 8.8 7.2 16 16 16h320c8.8 0 16-7.2 16-16v-32c0-8.8-7.2-16-16-16zm157.2-340.7l-81-81c-6.2-6.2-16.4-6.2-22.6 0l-11.3 11.3c-6.2 6.2-6.2 16.4 0 22.6L416 97.9V160c0 28.1 20.9 51.3 48 55.2V376c0 13.2-10.8 24-24 24s-24-10.8-24-24v-32c0-48.6-39.4-88-88-88h-8V64c0-35.3-28.7-64-64-64H96C60.7 0 32 28.7 32 64v352h288V304h8c22.1 0 40 17.9 40 40v27.8c0 37.7 27 72 64.5 75.9 43 4.3 79.5-29.5 79.5-71.7V152.6c0-17-6.8-33.3-18.8-45.3zM256 192H96V64h160v128z\"><\/path><\/svg>\t\t\t\t\t\t\t\t<\/div>\n\t\t\t\t\t\t\t<\/div>\n\t\t\t\t\t\t\n\t\t\t\t\t\t\t\t\t\t\t\t\t<h3 class=\"elementor-flip-box__layer__title\">\n\t\t\t\t\t\t\t\tOil Logistics\t\t\t\t\t\t\t<\/h3>\n\t\t\t\t\t\t\n\t\t\t\t\t\t\t\t\t\t\t<\/div>\n\t\t\t\t<\/div>\n\t\t\t<\/div>\n\t\t\t<a class=\"elementor-flip-box__layer elementor-flip-box__back\" href=\"https:\/\/www.artecs-intl.com\/en\/business-units\/logistique-petroliere\/\">\n\t\t\t<div class=\"elementor-flip-box__layer__overlay\">\n\t\t\t\t<div class=\"elementor-flip-box__layer__inner\">\n\t\t\t\t\t\t\t\t\t\t\t<h3 class=\"elementor-flip-box__layer__title\">\n\t\t\t\t\t\t\tOil Logistics\t\t\t\t\t\t<\/h3>\n\t\t\t\t\t\n\t\t\t\t\t\n\t\t\t\t\t\t\t\t\t\t\t<span class=\"elementor-flip-box__button elementor-button elementor-size-sm\">\n\t\t\t\t\t\t\tDiscover\t\t\t\t\t\t<\/span>\n\t\t\t\t\t\t\t\t<\/div>\n\t\t<\/div>\n\t\t<\/a>\n\t\t<\/div>\n\t\t\t\t<\/div>\n\t\t\t\t<\/div>\n\t\t\t\t\t<\/div>\n\t\t<\/div>\n\t\t\t\t<div class=\"elementor-column elementor-col-20 elementor-top-column elementor-element elementor-element-1de367f\" data-id=\"1de367f\" data-element_type=\"column\">\n\t\t\t<div class=\"elementor-widget-wrap elementor-element-populated\">\n\t\t\t\t\t\t<div class=\"elementor-element elementor-element-36bc587 elementor-flip-box--direction-right elementor-flip-box--effect-flip elementor-widget elementor-widget-flip-box\" data-id=\"36bc587\" data-element_type=\"widget\" data-widget_type=\"flip-box.default\">\n\t\t\t\t<div class=\"elementor-widget-container\">\n\t\t\t\t\t<div class=\"elementor-flip-box\" tabindex=\"0\">\n\t\t\t<div class=\"elementor-flip-box__layer elementor-flip-box__front\">\n\t\t\t\t<div class=\"elementor-flip-box__layer__overlay\">\n\t\t\t\t\t<div class=\"elementor-flip-box__layer__inner\">\n\t\t\t\t\t\t\t\t\t\t\t\t\t<div class=\"elementor-icon-wrapper elementor-view-framed elementor-shape-circle\">\n\t\t\t\t\t\t\t\t<div class=\"elementor-icon\">\n\t\t\t\t\t\t\t\t\t<svg class=\"e-font-icon-svg e-fas-crosshairs\" viewbox=\"0 0 512 512\" xmlns=\"http:\/\/www.w3.org\/2000\/svg\"><path d=\"M500 224h-30.364C455.724 130.325 381.675 56.276 288 42.364V12c0-6.627-5.373-12-12-12h-40c-6.627 0-12 5.373-12 12v30.364C130.325 56.276 56.276 130.325 42.364 224H12c-6.627 0-12 5.373-12 12v40c0 6.627 5.373 12 12 12h30.364C56.276 381.675 130.325 455.724 224 469.636V500c0 6.627 5.373 12 12 12h40c6.627 0 12-5.373 12-12v-30.364C381.675 455.724 455.724 381.675 469.636 288H500c6.627 0 12-5.373 12-12v-40c0-6.627-5.373-12-12-12zM288 404.634V364c0-6.627-5.373-12-12-12h-40c-6.627 0-12 5.373-12 12v40.634C165.826 392.232 119.783 346.243 107.366 288H148c6.627 0 12-5.373 12-12v-40c0-6.627-5.373-12-12-12h-40.634C119.768 165.826 165.757 119.783 224 107.366V148c0 6.627 5.373 12 12 12h40c6.627 0 12-5.373 12-12v-40.634C346.174 119.768 392.217 165.757 404.634 224H364c-6.627 0-12 5.373-12 12v40c0 6.627 5.373 12 12 12h40.634C392.232 346.174 346.243 392.217 288 404.634zM288 256c0 17.673-14.327 32-32 32s-32-14.327-32-32c0-17.673 14.327-32 32-32s32 14.327 32 32z\"><\/path><\/svg>\t\t\t\t\t\t\t\t<\/div>\n\t\t\t\t\t\t\t<\/div>\n\t\t\t\t\t\t\n\t\t\t\t\t\t\t\t\t\t\t\t\t<h3 class=\"elementor-flip-box__layer__title\">\n\t\t\t\t\t\t\t\tSoldier Support\t\t\t\t\t\t\t<\/h3>\n\t\t\t\t\t\t\n\t\t\t\t\t\t\t\t\t\t\t<\/div>\n\t\t\t\t<\/div>\n\t\t\t<\/div>\n\t\t\t<a class=\"elementor-flip-box__layer elementor-flip-box__back\" href=\"https:\/\/www.artecs-intl.com\/en\/business-units\/soutien-au-combattant\/\">\n\t\t\t<div class=\"elementor-flip-box__layer__overlay\">\n\t\t\t\t<div class=\"elementor-flip-box__layer__inner\">\n\t\t\t\t\t\t\t\t\t\t\t<h3 class=\"elementor-flip-box__layer__title\">\n\t\t\t\t\t\t\tSoldier Support\t\t\t\t\t\t<\/h3>\n\t\t\t\t\t\n\t\t\t\t\t\n\t\t\t\t\t\t\t\t\t\t\t<span class=\"elementor-flip-box__button elementor-button elementor-size-sm\">\n\t\t\t\t\t\t\tDiscover\t\t\t\t\t\t<\/span>\n\t\t\t\t\t\t\t\t<\/div>\n\t\t<\/div>\n\t\t<\/a>\n\t\t<\/div>\n\t\t\t\t<\/div>\n\t\t\t\t<\/div>\n\t\t\t\t\t<\/div>\n\t\t<\/div>\n\t\t\t\t<div class=\"elementor-column elementor-col-20 elementor-top-column elementor-element elementor-element-3b41de2\" data-id=\"3b41de2\" data-element_type=\"column\">\n\t\t\t<div class=\"elementor-widget-wrap elementor-element-populated\">\n\t\t\t\t\t\t<div class=\"elementor-element elementor-element-44d6429 elementor-flip-box--direction-right elementor-flip-box--effect-flip elementor-widget elementor-widget-flip-box\" data-id=\"44d6429\" data-element_type=\"widget\" data-widget_type=\"flip-box.default\">\n\t\t\t\t<div class=\"elementor-widget-container\">\n\t\t\t\t\t<div class=\"elementor-flip-box\" tabindex=\"0\">\n\t\t\t<div class=\"elementor-flip-box__layer elementor-flip-box__front\">\n\t\t\t\t<div class=\"elementor-flip-box__layer__overlay\">\n\t\t\t\t\t<div class=\"elementor-flip-box__layer__inner\">\n\t\t\t\t\t\t\t\t\t\t\t\t\t<div class=\"elementor-icon-wrapper elementor-view-framed elementor-shape-circle\">\n\t\t\t\t\t\t\t\t<div class=\"elementor-icon\">\n\t\t\t\t\t\t\t\t\t<svg class=\"e-font-icon-svg e-fas-truck-monster\" viewbox=\"0 0 640 512\" xmlns=\"http:\/\/www.w3.org\/2000\/svg\"><path d=\"M624 224h-16v-64c0-17.67-14.33-32-32-32h-73.6L419.22 24.02A64.025 64.025 0 0 0 369.24 0H256c-17.67 0-32 14.33-32 32v96H48c-8.84 0-16 7.16-16 16v80H16c-8.84 0-16 7.16-16 16v32c0 8.84 7.16 16 16 16h16.72c29.21-38.65 75.1-64 127.28-64s98.07 25.35 127.28 64h65.45c29.21-38.65 75.1-64 127.28-64s98.07 25.35 127.28 64H624c8.84 0 16-7.16 16-16v-32c0-8.84-7.16-16-16-16zm-336-96V64h81.24l51.2 64H288zm304 224h-5.2c-2.2-7.33-5.07-14.28-8.65-20.89l3.67-3.67c6.25-6.25 6.25-16.38 0-22.63l-22.63-22.63c-6.25-6.25-16.38-6.25-22.63 0l-3.67 3.67A110.85 110.85 0 0 0 512 277.2V272c0-8.84-7.16-16-16-16h-32c-8.84 0-16 7.16-16 16v5.2c-7.33 2.2-14.28 5.07-20.89 8.65l-3.67-3.67c-6.25-6.25-16.38-6.25-22.63 0l-22.63 22.63c-6.25 6.25-6.25 16.38 0 22.63l3.67 3.67A110.85 110.85 0 0 0 373.2 352H368c-8.84 0-16 7.16-16 16v32c0 8.84 7.16 16 16 16h5.2c2.2 7.33 5.07 14.28 8.65 20.89l-3.67 3.67c-6.25 6.25-6.25 16.38 0 22.63l22.63 22.63c6.25 6.25 16.38 6.25 22.63 0l3.67-3.67c6.61 3.57 13.57 6.45 20.9 8.65v5.2c0 8.84 7.16 16 16 16h32c8.84 0 16-7.16 16-16v-5.2c7.33-2.2 14.28-5.07 20.9-8.65l3.67 3.67c6.25 6.25 16.38 6.25 22.63 0l22.63-22.63c6.25-6.25 6.25-16.38 0-22.63l-3.67-3.67a110.85 110.85 0 0 0 8.65-20.89h5.2c8.84 0 16-7.16 16-16v-32c-.02-8.84-7.18-16-16.02-16zm-112 80c-26.51 0-48-21.49-48-48s21.49-48 48-48 48 21.49 48 48-21.49 48-48 48zm-208-80h-5.2c-2.2-7.33-5.07-14.28-8.65-20.89l3.67-3.67c6.25-6.25 6.25-16.38 0-22.63l-22.63-22.63c-6.25-6.25-16.38-6.25-22.63 0l-3.67 3.67A110.85 110.85 0 0 0 192 277.2V272c0-8.84-7.16-16-16-16h-32c-8.84 0-16 7.16-16 16v5.2c-7.33 2.2-14.28 5.07-20.89 8.65l-3.67-3.67c-6.25-6.25-16.38-6.25-22.63 0L58.18 304.8c-6.25 6.25-6.25 16.38 0 22.63l3.67 3.67a110.85 110.85 0 0 0-8.65 20.89H48c-8.84 0-16 7.16-16 16v32c0 8.84 7.16 16 16 16h5.2c2.2 7.33 5.07 14.28 8.65 20.89l-3.67 3.67c-6.25 6.25-6.25 16.38 0 22.63l22.63 22.63c6.25 6.25 16.38 6.25 22.63 0l3.67-3.67c6.61 3.57 13.57 6.45 20.9 8.65v5.2c0 8.84 7.16 16 16 16h32c8.84 0 16-7.16 16-16v-5.2c7.33-2.2 14.28-5.07 20.9-8.65l3.67 3.67c6.25 6.25 16.38 6.25 22.63 0l22.63-22.63c6.25-6.25 6.25-16.38 0-22.63l-3.67-3.67a110.85 110.85 0 0 0 8.65-20.89h5.2c8.84 0 16-7.16 16-16v-32C288 359.16 280.84 352 272 352zm-112 80c-26.51 0-48-21.49-48-48s21.49-48 48-48 48 21.49 48 48-21.49 48-48 48z\"><\/path><\/svg>\t\t\t\t\t\t\t\t<\/div>\n\t\t\t\t\t\t\t<\/div>\n\t\t\t\t\t\t\n\t\t\t\t\t\t\t\t\t\t\t\t\t<h3 class=\"elementor-flip-box__layer__title\">\n\t\t\t\t\t\t\t\tSpecial Vehicles\t\t\t\t\t\t\t<\/h3>\n\t\t\t\t\t\t\n\t\t\t\t\t\t\t\t\t\t\t<\/div>\n\t\t\t\t<\/div>\n\t\t\t<\/div>\n\t\t\t<a class=\"elementor-flip-box__layer elementor-flip-box__back\" href=\"https:\/\/www.artecs-intl.com\/en\/business-units\/vehicules-speciaux\/\">\n\t\t\t<div class=\"elementor-flip-box__layer__overlay\">\n\t\t\t\t<div class=\"elementor-flip-box__layer__inner\">\n\t\t\t\t\t\t\t\t\t\t\t<h3 class=\"elementor-flip-box__layer__title\">\n\t\t\t\t\t\t\tSpecial Vehicles\t\t\t\t\t\t<\/h3>\n\t\t\t\t\t\n\t\t\t\t\t\n\t\t\t\t\t\t\t\t\t\t\t<span class=\"elementor-flip-box__button elementor-button elementor-size-sm\">\n\t\t\t\t\t\t\tDiscover\t\t\t\t\t\t<\/span>\n\t\t\t\t\t\t\t\t<\/div>\n\t\t<\/div>\n\t\t<\/a>\n\t\t<\/div>\n\t\t\t\t<\/div>\n\t\t\t\t<\/div>\n\t\t\t\t\t<\/div>\n\t\t<\/div>\n\t\t\t\t<div class=\"elementor-column elementor-col-20 elementor-top-column elementor-element elementor-element-ef89072\" data-id=\"ef89072\" data-element_type=\"column\">\n\t\t\t<div class=\"elementor-widget-wrap elementor-element-populated\">\n\t\t\t\t\t\t<div class=\"elementor-element elementor-element-3337df3 elementor-flip-box--direction-right elementor-flip-box--effect-flip elementor-widget elementor-widget-flip-box\" data-id=\"3337df3\" data-element_type=\"widget\" data-widget_type=\"flip-box.default\">\n\t\t\t\t<div class=\"elementor-widget-container\">\n\t\t\t\t\t<div class=\"elementor-flip-box\" tabindex=\"0\">\n\t\t\t<div class=\"elementor-flip-box__layer elementor-flip-box__front\">\n\t\t\t\t<div class=\"elementor-flip-box__layer__overlay\">\n\t\t\t\t\t<div class=\"elementor-flip-box__layer__inner\">\n\t\t\t\t\t\t\t\t\t\t\t\t\t<div class=\"elementor-icon-wrapper elementor-view-framed elementor-shape-circle\">\n\t\t\t\t\t\t\t\t<div class=\"elementor-icon\">\n\t\t\t\t\t\t\t\t\t<svg xmlns=\"http:\/\/www.w3.org\/2000\/svg\" xmlns:xlink=\"http:\/\/www.w3.org\/1999\/xlink\" id=\"Drone-Bold--Streamline-Phosphor.svg\" x=\"0px\" y=\"0px\" viewbox=\"0 0 512 512\" style=\"enable-background:new 0 0 512 512;\" xml:space=\"preserve\"><style type=\"text\/css\">\t.st0{fill:#FFFFFF;}<\/style><desc>Drone Bold Streamline Icon: https:\/\/streamlinehq.com<\/desc><path class=\"st0\" d=\"M41.1,210.8C-24.7,146,4.2,34.2,93.3,9.5c42-11.6,87,0.4,117.6,31.5c15.3,17.3,6.2,44.7-16.4,49.3 c-9.3,1.9-18.9-0.7-25.9-6.9c-32.7-32.7-88.6-17.8-100.6,26.9c-5.6,20.7,0.4,42.9,15.6,58.1c16.4,16.4,8.9,44.3-13.5,50.3 c-10.4,2.8-21.4-0.2-29-7.8L41.1,210.8z M343.5,83.4c32.7-32.7,88.6-17.8,100.6,26.9c5.6,20.7-0.4,42.9-15.6,58.1 c-16.4,16.4-8.9,44.3,13.5,50.3c10.4,2.8,21.4-0.2,29-7.8c65.9-64.8,36.9-176.6-52.2-201.2c-42-11.6-87,0.4-117.6,31.5 c-16.4,16.4-8.9,44.3,13.5,50.3c10.4,2.8,21.4-0.2,29-7.8L343.5,83.4z M428.4,300.9c-11.8,11.7-11.8,30.8,0,42.5 c32.7,32.7,17.8,88.5-26.8,100.5c-20.7,5.6-42.8-0.3-58-15.5c-16.4-16.4-44.3-8.9-50.3,13.5c-2.8,10.4,0.2,21.4,7.8,29 c64.8,65.9,176.6,36.9,201.2-52.2c11.6-42-0.4-87-31.5-117.6c-11.6-11.6-30.5-11.7-42.2-0.1L428.4,300.9z M168.5,428.4 c-32.7,32.7-88.6,17.8-100.6-26.9c-5.6-20.7,0.4-42.9,15.6-58.1c16.4-16.4,8.9-44.3-13.5-50.3c-10.4-2.8-21.4,0.2-29,7.8 c-65.9,64.8-36.9,176.6,52.2,201.2c42,11.6,87-0.4,117.6-31.5c16.4-16.4,8.9-44.3-13.5-50.3c-10.4-2.8-21.4,0.2-29,7.8L168.5,428.4z  M346,208.4v95l61.2,61.2c16.4,16.4,8.9,44.3-13.5,50.3c-10.4,2.8-21.4-0.2-29-7.8l-61.2-61.2h-95l-61.3,61.2 c-16.4,16.4-44.3,8.9-50.3-13.5c-2.8-10.4,0.2-21.4,7.8-29l61.3-61.2v-95l-61.2-61.3c-16.4-16.4-8.9-44.3,13.5-50.3 c10.4-2.8,21.4,0.2,29,7.8l61.2,61.3h95l61.2-61.2c16.4-16.4,44.3-8.9,50.3,13.5c2.8,10.4-0.2,21.4-7.8,29L346,208.4z M226,285.9h60 v-60h-60L226,285.9z\"><\/path><\/svg>\t\t\t\t\t\t\t\t<\/div>\n\t\t\t\t\t\t\t<\/div>\n\t\t\t\t\t\t\n\t\t\t\t\t\t\t\t\t\t\t\t\t<h3 class=\"elementor-flip-box__layer__title\">\n\t\t\t\t\t\t\t\tDrones <br>&amp; AI\t\t\t\t\t\t\t<\/h3>\n\t\t\t\t\t\t\n\t\t\t\t\t\t\t\t\t\t\t<\/div>\n\t\t\t\t<\/div>\n\t\t\t<\/div>\n\t\t\t<a class=\"elementor-flip-box__layer elementor-flip-box__back\" href=\"https:\/\/www.artecs-intl.com\/en\/business-units\/drones-et-intelligence-artificielle\/\">\n\t\t\t<div class=\"elementor-flip-box__layer__overlay\">\n\t\t\t\t<div class=\"elementor-flip-box__layer__inner\">\n\t\t\t\t\t\t\t\t\t\t\t<h3 class=\"elementor-flip-box__layer__title\">\n\t\t\t\t\t\t\tDrones <br>&amp; AI\t\t\t\t\t\t<\/h3>\n\t\t\t\t\t\n\t\t\t\t\t\n\t\t\t\t\t\t\t\t\t\t\t<span class=\"elementor-flip-box__button elementor-button elementor-size-sm\">\n\t\t\t\t\t\t\tDiscover\t\t\t\t\t\t<\/span>\n\t\t\t\t\t\t\t\t<\/div>\n\t\t<\/div>\n\t\t<\/a>\n\t\t<\/div>\n\t\t\t\t<\/div>\n\t\t\t\t<\/div>\n\t\t\t\t\t<\/div>\n\t\t<\/div>\n\t\t\t\t\t<\/div>\n\t\t<\/section>\n\t\t<div class=\"elementor-element elementor-element-e2bd580 e-flex e-con-boxed e-con e-parent\" data-id=\"e2bd580\" data-element_type=\"container\" data-settings=\"{&quot;background_background&quot;:&quot;classic&quot;}\">\n\t\t\t\t\t<div class=\"e-con-inner\">\n\t\t<div class=\"elementor-element elementor-element-c89c5fe e-con-full e-flex e-con e-child\" data-id=\"c89c5fe\" data-element_type=\"container\">\n\t\t\t\t<div class=\"elementor-element elementor-element-b011b53 elementor-widget elementor-widget-text-editor\" data-id=\"b011b53\" data-element_type=\"widget\" data-widget_type=\"text-editor.default\">\n\t\t\t\t<div class=\"elementor-widget-container\">\n\t\t\t\t\t\t\t<h4><strong>Ready to discuss your project?<\/strong><\/h4>\n<strong>Get in touch with us now!<\/strong>\t\t\t\t\t\t<\/div>\n\t\t\t\t<\/div>\n\t\t\t\t<\/div>\n\t\t<div class=\"elementor-element elementor-element-c293df7 e-con-full e-flex e-con e-child\" data-id=\"c293df7\" data-element_type=\"container\">\n\t\t\t\t<div class=\"elementor-element elementor-element-3a8d8a9 elementor-align-center elementor-widget elementor-widget-button\" data-id=\"3a8d8a9\" data-element_type=\"widget\" data-widget_type=\"button.default\">\n\t\t\t\t<div class=\"elementor-widget-container\">\n\t\t\t\t\t\t\t<div class=\"elementor-button-wrapper\">\n\t\t\t\t\t<a class=\"elementor-button elementor-button-link elementor-size-sm\" href=\"https:\/\/www.artecs-intl.com\/en\/contact\/\">\n\t\t\t\t\t\t<span class=\"elementor-button-content-wrapper\">\n\t\t\t\t\t\t\t\t\t<span class=\"elementor-button-text\">Contact Us<\/span>\n\t\t\t\t\t<\/span>\n\t\t\t\t\t<\/a>\n\t\t\t\t<\/div>\n\t\t\t\t\t\t<\/div>\n\t\t\t\t<\/div>\n\t\t\t\t<\/div>\n\t\t\t\t\t<\/div>\n\t\t\t\t<\/div>\n\t\t\t\t<\/div>","protected":false},"excerpt":{"rendered":"<p>v\u00e9hicules sp\u00e9ciaux VECTEURS Nous assistons des fabricants de premier rang sp\u00e9cialis\u00e9s dans la conception, la production et le r\u00e9trofit de vecteurs Terre \/ Air \/ Mer et de pi\u00e8ces de rechange. (Blind\u00e9s, Transport de troupes, MRAPS, Transport de fonds, V\u00e9hicules pour transport de VIP, lutte anti-\u00e9meutes, Transport de prisonniers, v\u00e9hicules m\u00e9dicaux, MRO et R\u00e9trofit de [&hellip;]<\/p>","protected":false},"author":1,"featured_media":0,"parent":909,"menu_order":0,"comment_status":"closed","ping_status":"closed","template":"elementor_header_footer","meta":{"footnotes":""},"class_list":["post-985","page","type-page","status-publish","hentry"],"_links":{"self":[{"href":"https:\/\/www.artecs-intl.com\/en\/wp-json\/wp\/v2\/pages\/985"}],"collection":[{"href":"https:\/\/www.artecs-intl.com\/en\/wp-json\/wp\/v2\/pages"}],"about":[{"href":"https:\/\/www.artecs-intl.com\/en\/wp-json\/wp\/v2\/types\/page"}],"author":[{"embeddable":true,"href":"https:\/\/www.artecs-intl.com\/en\/wp-json\/wp\/v2\/users\/1"}],"replies":[{"embeddable":true,"href":"https:\/\/www.artecs-intl.com\/en\/wp-json\/wp\/v2\/comments?post=985"}],"version-history":[{"count":22,"href":"https:\/\/www.artecs-intl.com\/en\/wp-json\/wp\/v2\/pages\/985\/revisions"}],"predecessor-version":[{"id":1322,"href":"https:\/\/www.artecs-intl.com\/en\/wp-json\/wp\/v2\/pages\/985\/revisions\/1322"}],"up":[{"embeddable":true,"href":"https:\/\/www.artecs-intl.com\/en\/wp-json\/wp\/v2\/pages\/909"}],"wp:attachment":[{"href":"https:\/\/www.artecs-intl.com\/en\/wp-json\/wp\/v2\/media?parent=985"}],"curies":[{"name":"wp","href":"https:\/\/api.w.org\/{rel}","templated":true}]}}